{"id":1013,"date":"2013-11-17T14:17:18","date_gmt":"2013-11-17T13:17:18","guid":{"rendered":"http:\/\/www.lembach.fr\/ecole\/?page_id=1013"},"modified":"2023-04-03T15:39:15","modified_gmt":"2023-04-03T13:39:15","slug":"charte-de-la-laicite","status":"publish","type":"page","link":"https:\/\/www.lembach.fr\/ecole\/infos-administratives\/charte-de-la-laicite\/","title":{"rendered":"Charte de la la\u00efcit\u00e9"},"content":{"rendered":"<p>La Charte de la la\u00efcit\u00e9 \u00e0 l\u2019\u00c9cole, pr\u00e9sent\u00e9e par monsieur le ministre le 9 septembre 2013 a \u00e9t\u00e9 publi\u00e9e au bulletin officiel du 12 septembre 2013.<\/p>\n<blockquote><p><span style=\"color: #0000ff;\">\u00ab\u00a0Cette Charte, qui doit d\u00e9sormais \u00eatre affich\u00e9e dans les \u00e9coles et \u00e9tablissements d&rsquo;enseignement du second degr\u00e9 publics, explicite le sens et les enjeux du principe de la\u00efcit\u00e9, dans la R\u00e9publique et dans le cadre de l\u2019\u00c9cole.\u00a0\u00bb<\/span><\/p><\/blockquote>\n<p>Cliquez sur l&rsquo;image pour avoir le document en version pdf :<\/p>\n<p><a href=\"http:\/\/www.lembach.fr\/ecole\/wp-content\/uploads\/2013\/11\/charte_laicite.pdf\"><img loading=\"lazy\" decoding=\"async\" class=\"alignnone size-full wp-image-1017\" src=\"http:\/\/www.lembach.fr\/ecole\/wp-content\/uploads\/2013\/11\/chartelaicite.png\" alt=\"chartelaicite\" width=\"582\" height=\"843\" srcset=\"https:\/\/www.lembach.fr\/ecole\/wp-content\/uploads\/2013\/11\/chartelaicite.png 582w, https:\/\/www.lembach.fr\/ecole\/wp-content\/uploads\/2013\/11\/chartelaicite-207x300.png 207w\" sizes=\"auto, (max-width: 582px) 100vw, 582px\" \/><\/a><\/p>\n<p>Comme demand\u00e9 dans la circulaire, cette charte a \u00e9t\u00e9 annex\u00e9e au r\u00e8glement int\u00e9rieur de l&rsquo;\u00e9cole par d\u00e9cision du Conseil d&rsquo;\u00e9cole du 4 novembre 2013 et affich\u00e9e sous le pr\u00e9au.<\/p>\n","protected":false},"excerpt":{"rendered":"<p>La Charte de la la\u00efcit\u00e9 \u00e0 l\u2019\u00c9cole, pr\u00e9sent\u00e9e par monsieur le ministre le 9 septembre 2013 a \u00e9t\u00e9 publi\u00e9e au bulletin officiel du 12 septembre 2013. \u00ab\u00a0Cette Charte, qui doit d\u00e9sormais \u00eatre affich\u00e9e dans les \u00e9coles et \u00e9tablissements d&rsquo;enseignement du &hellip; <a href=\"https:\/\/www.lembach.fr\/ecole\/infos-administratives\/charte-de-la-laicite\/\">Continuer la lecture <span class=\"meta-nav\">&rarr;<\/span><\/a><\/p>\n","protected":false},"author":1,"featured_media":0,"parent":25,"menu_order":3,"comment_status":"closed","ping_status":"closed","template":"","meta":{"footnotes":""},"class_list":["post-1013","page","type-page","status-publish","hentry"],"_links":{"self":[{"href":"https:\/\/www.lembach.fr\/ecole\/wp-json\/wp\/v2\/pages\/1013","targetHints":{"allow":["GET"]}}],"collection":[{"href":"https:\/\/www.lembach.fr\/ecole\/wp-json\/wp\/v2\/pages"}],"about":[{"href":"https:\/\/www.lembach.fr\/ecole\/wp-json\/wp\/v2\/types\/page"}],"author":[{"embeddable":true,"href":"https:\/\/www.lembach.fr\/ecole\/wp-json\/wp\/v2\/users\/1"}],"replies":[{"embeddable":true,"href":"https:\/\/www.lembach.fr\/ecole\/wp-json\/wp\/v2\/comments?post=1013"}],"version-history":[{"count":1,"href":"https:\/\/www.lembach.fr\/ecole\/wp-json\/wp\/v2\/pages\/1013\/revisions"}],"predecessor-version":[{"id":4752,"href":"https:\/\/www.lembach.fr\/ecole\/wp-json\/wp\/v2\/pages\/1013\/revisions\/4752"}],"up":[{"embeddable":true,"href":"https:\/\/www.lembach.fr\/ecole\/wp-json\/wp\/v2\/pages\/25"}],"wp:attachment":[{"href":"https:\/\/www.lembach.fr\/ecole\/wp-json\/wp\/v2\/media?parent=1013"}],"curies":[{"name":"wp","href":"https:\/\/api.w.org\/{rel}","templated":true}]}}